{"id":6308,"date":"2024-05-03T01:53:25","date_gmt":"2024-05-03T01:53:25","guid":{"rendered":"https:\/\/luan.webrt.net\/tanlong\/?post_type=product&#038;p=6308"},"modified":"2024-06-14T01:24:34","modified_gmt":"2024-06-14T01:24:34","slug":"cabin-ceiling-1","status":"publish","type":"product","link":"https:\/\/tanlong.info\/en\/?product=cabin-ceiling-1","title":{"rendered":"Cabin ceiling 1"},"content":{"rendered":"<p>Ph\u00fat 19, U23 Indonesia \u0111\u01b0\u1ee3c h\u01b0\u1edfng ph\u1ea1t g\u00f3c v\u00e0 Jenner tung c\u00fa s\u00fat b\u1ed3i t\u1eeb ngo\u00e0i v\u00f2ng c\u1ea5m. B\u00f3ng \u0111i s\u1ec7t v\u00e0 c\u0103ng khi\u1ebfn cho th\u1ee7 th\u00e0nh c\u1ee7a Iraq kh\u00f4ng k\u1ecbp c\u1ea3n ph\u00e1 gi\u00fap U23 Indonesia v\u01b0\u1ee3t l\u00ean. Ngay sau \u0111\u00f3, \u0111\u1ea1i di\u1ec7n t\u1edbi t\u1eeb T\u00e2y \u00c1 c\u00f3 c\u00e2u tr\u1ea3 l\u1eddi v\u1edbi c\u00fa c\u1ee9a l\u00f2ng c\u1ee7a Ali Jasim nh\u01b0ng th\u1ee7 th\u00e0nh Ernando \u0111\u00e3 bay ng\u01b0\u1eddi \u0111\u1ea9y b\u00f3ng.<\/p>\n<p>\u0110\u00e1ng ti\u1ebfc, th\u1ee7 th\u00e0nh c\u1ee7a Indonesia l\u1ea1i m\u1eafc sai l\u1ea7m \u1edf ph\u00fat 27. Ernando b\u0103ng ra \u0111\u1ea5m b\u00f3ng h\u1ee5t v\u00e0 m\u1edf ra c\u01a1 h\u1ed9i cho Iraq. Zaid kh\u00f4ng b\u1ecf l\u1ee1 c\u01a1 h\u1ed9i g\u1ee1 h\u00f2a b\u1eb1ng c\u00fa \u0111\u00e1nh \u0111\u1ea7u c\u1eadn th\u00e0nh. Sau khi c\u00f3 \u0111\u01b0\u1ee3c b\u00e0n g\u1ee1, U23 Iraq ch\u1ee7 \u0111\u1ed9ng gi\u1ea3m nh\u1ecbp \u0111\u1ed9 trong khi U23 Indonesia \u0111\u00e1nh m\u1ea5t nh\u1ecbp \u0111\u1ed9 trong nh\u1eefng pha l\u00ean b\u00f3ng. Hi\u1ec7p m\u1ed9t k\u1ebft th\u00fac v\u1edbi t\u1ec9 s\u1ed1 h\u00f2a 1-1.<\/p>\n<p>Sang \u0111\u1ebfn hi\u1ec7p hai, U23 Iraq ch\u1ee7 \u0111\u1ed9ng ch\u01a1i ph\u00f2ng th\u1ee7 v\u00e0 \u0111\u1ec3 cho Indonesia bung s\u1ee9c. \u0110\u1ea1i di\u1ec7n t\u1edbi t\u1eeb \u0110\u00f4ng Nam \u00c1 r\u1ea5t n\u1ed7 l\u1ef1c t\u1ea5n\u00a0c\u00f4ng nh\u01b0ng ch\u1ea5t l\u01b0\u1ee3ng c\u1ee7a nh\u1eefng t\u00ecnh hu\u1ed1ng cu\u1ed1i kh\u00f4ng t\u1ed1t. Ph\u00fat 73, Iraq c\u00f3 pha ph\u1ea3n c\u00f4ng nhanh v\u00e0 su\u00fdt ch\u00fat c\u00f3 \u0111\u01b0\u1ee3c b\u00e0n th\u1eafng n\u1ebfu\u00a0Tjoe-A-On kh\u00f4ng k\u1ecbp th\u1eddi gi\u1ea3i nguy tr\u01b0\u1edbc khung th\u00e0nh.<\/p>\n<p>Nh\u1eefng ph\u00fat cu\u1ed1i hi\u1ec7p hai, U23 Iraq bung s\u1ee9c v\u00e0 t\u1ea5n c\u00f4ng d\u1ed3n d\u1eadp. M\u1eb7c d\u00f9 v\u1eady, Ernando \u0111\u00e3 ch\u01a1i xu\u1ea5t s\u1eafc gi\u00fap U23 Indonesia ti\u1ebfn v\u00e0o hi\u1ec7p ph\u1ee5. \u0110\u1ea1i di\u1ec7n t\u1edbi t\u1eeb T\u00e2y \u00c1 nh\u1eadn ra \u0111\u1ed1i th\u1ee7 xu\u1ed1ng s\u1ee9c v\u00e0 h\u1ecd b\u1eaft \u0111\u1ea7u d\u1ed3n \u00e9p. Ph\u00fat 96, h\u1eadu v\u1ec7 Indonesia m\u1eafc sai l\u1ea7m trong vi\u1ec7c ph\u00e1n \u0111o\u00e1n \u0111i\u1ec3m b\u00f3ng r\u01a1i v\u00e0 Ali Jasim tr\u1eebng ph\u1ea1t \u0111\u1ed1i th\u1ee7 v\u1edbi pha d\u1ee9t \u0111i\u1ec3m ch\u00e9o g\u00f3c chu\u1ea9n x\u00e1c.<\/p>\n<p>C\u00f3 \u0111\u01b0\u1ee3c b\u00e0n d\u1eabn tr\u01b0\u1edbc, U23 Iraq chuy\u1ec3n sang ch\u1ebf\u00a0\u0111\u1ed9 ch\u01a1i th\u1ef1c d\u1ee5ng. U23 Indonesia kh\u00f4ng c\u00f2n \u0111\u1ee7 s\u1ee9c \u0111\u1ec3 g\u00e2y \u00e1p l\u1ef1c li\u00ean t\u1ee5c. Ph\u00fat b\u00f9 gi\u1edd cu\u1ed1i c\u00f9ng, h\u1ecd c\u00f3 c\u01a1 h\u1ed9i g\u1ee1 h\u00f2a nh\u01b0ng Sananta l\u1ea1i \u0111\u00e1nh \u0111\u1ea7u qu\u00e1 nh\u1eb9 v\u00e0 h\u1eadu v\u1ec7 Iraq \u0111\u00e3 gi\u1ea3i nguy th\u00e0nh c\u00f4ng. Chung cu\u1ed9c, U23 Iraq gi\u00e0nh chi\u1ebfn th\u1eafng 2-1 tr\u01b0\u1edbc U23 Indonesia sau 120 ph\u00fat qua \u0111\u00f3 gi\u00e0nh gi\u1ea3i ba v\u00e0 c\u00f3 v\u00e9 d\u1ef1 Olympic 2024.<\/p>\n<p><img loading=\"lazy\" decoding=\"async\" class=\"aligncenter size-full wp-image-6272\" src=\"https:\/\/luan.webrt.net\/tanlong\/wp-content\/uploads\/2024\/05\/Rectangle-3.png\" alt=\"\" width=\"1920\" height=\"660\" srcset=\"https:\/\/tanlong.info\/en\/wp-content\/uploads\/2024\/05\/Rectangle-3.png 1920w, https:\/\/tanlong.info\/en\/wp-content\/uploads\/2024\/05\/Rectangle-3-800x275.png 800w, https:\/\/tanlong.info\/en\/wp-content\/uploads\/2024\/05\/Rectangle-3-1400x481.png 1400w, https:\/\/tanlong.info\/en\/wp-content\/uploads\/2024\/05\/Rectangle-3-768x264.png 768w, https:\/\/tanlong.info\/en\/wp-content\/uploads\/2024\/05\/Rectangle-3-1536x528.png 1536w, https:\/\/tanlong.info\/en\/wp-content\/uploads\/2024\/05\/Rectangle-3-600x206.png 600w\" sizes=\"(max-width: 1920px) 100vw, 1920px\" \/><\/p>\n<p>Ph\u00fat 19, U23 Indonesia \u0111\u01b0\u1ee3c h\u01b0\u1edfng ph\u1ea1t g\u00f3c v\u00e0 Jenner tung c\u00fa s\u00fat b\u1ed3i t\u1eeb ngo\u00e0i v\u00f2ng c\u1ea5m. B\u00f3ng \u0111i s\u1ec7t v\u00e0 c\u0103ng khi\u1ebfn cho th\u1ee7 th\u00e0nh c\u1ee7a Iraq kh\u00f4ng k\u1ecbp c\u1ea3n ph\u00e1 gi\u00fap U23 Indonesia v\u01b0\u1ee3t l\u00ean. Ngay sau \u0111\u00f3, \u0111\u1ea1i di\u1ec7n t\u1edbi t\u1eeb T\u00e2y \u00c1 c\u00f3 c\u00e2u tr\u1ea3 l\u1eddi v\u1edbi c\u00fa c\u1ee9a l\u00f2ng c\u1ee7a Ali Jasim nh\u01b0ng th\u1ee7 th\u00e0nh Ernando \u0111\u00e3 bay ng\u01b0\u1eddi \u0111\u1ea9y b\u00f3ng.<\/p>\n<p>\u0110\u00e1ng ti\u1ebfc, th\u1ee7 th\u00e0nh c\u1ee7a Indonesia l\u1ea1i m\u1eafc sai l\u1ea7m \u1edf ph\u00fat 27. Ernando b\u0103ng ra \u0111\u1ea5m b\u00f3ng h\u1ee5t v\u00e0 m\u1edf ra c\u01a1 h\u1ed9i cho Iraq. Zaid kh\u00f4ng b\u1ecf l\u1ee1 c\u01a1 h\u1ed9i g\u1ee1 h\u00f2a b\u1eb1ng c\u00fa \u0111\u00e1nh \u0111\u1ea7u c\u1eadn th\u00e0nh. Sau khi c\u00f3 \u0111\u01b0\u1ee3c b\u00e0n g\u1ee1, U23 Iraq ch\u1ee7 \u0111\u1ed9ng gi\u1ea3m nh\u1ecbp \u0111\u1ed9 trong khi U23 Indonesia \u0111\u00e1nh m\u1ea5t nh\u1ecbp \u0111\u1ed9 trong nh\u1eefng pha l\u00ean b\u00f3ng. Hi\u1ec7p m\u1ed9t k\u1ebft th\u00fac v\u1edbi t\u1ec9 s\u1ed1 h\u00f2a 1-1.<\/p>\n<p>Sang \u0111\u1ebfn hi\u1ec7p hai, U23 Iraq ch\u1ee7 \u0111\u1ed9ng ch\u01a1i ph\u00f2ng th\u1ee7 v\u00e0 \u0111\u1ec3 cho Indonesia bung s\u1ee9c. \u0110\u1ea1i di\u1ec7n t\u1edbi t\u1eeb \u0110\u00f4ng Nam \u00c1 r\u1ea5t n\u1ed7 l\u1ef1c t\u1ea5n\u00a0c\u00f4ng nh\u01b0ng ch\u1ea5t l\u01b0\u1ee3ng c\u1ee7a nh\u1eefng t\u00ecnh hu\u1ed1ng cu\u1ed1i kh\u00f4ng t\u1ed1t. Ph\u00fat 73, Iraq c\u00f3 pha ph\u1ea3n c\u00f4ng nhanh v\u00e0 su\u00fdt ch\u00fat c\u00f3 \u0111\u01b0\u1ee3c b\u00e0n th\u1eafng n\u1ebfu\u00a0Tjoe-A-On kh\u00f4ng k\u1ecbp th\u1eddi gi\u1ea3i nguy tr\u01b0\u1edbc khung th\u00e0nh.<\/p>\n<p>Nh\u1eefng ph\u00fat cu\u1ed1i hi\u1ec7p hai, U23 Iraq bung s\u1ee9c v\u00e0 t\u1ea5n c\u00f4ng d\u1ed3n d\u1eadp. M\u1eb7c d\u00f9 v\u1eady, Ernando \u0111\u00e3 ch\u01a1i xu\u1ea5t s\u1eafc gi\u00fap U23 Indonesia ti\u1ebfn v\u00e0o hi\u1ec7p ph\u1ee5. \u0110\u1ea1i di\u1ec7n t\u1edbi t\u1eeb T\u00e2y \u00c1 nh\u1eadn ra \u0111\u1ed1i th\u1ee7 xu\u1ed1ng s\u1ee9c v\u00e0 h\u1ecd b\u1eaft \u0111\u1ea7u d\u1ed3n \u00e9p. Ph\u00fat 96, h\u1eadu v\u1ec7 Indonesia m\u1eafc sai l\u1ea7m trong vi\u1ec7c ph\u00e1n \u0111o\u00e1n \u0111i\u1ec3m b\u00f3ng r\u01a1i v\u00e0 Ali Jasim tr\u1eebng ph\u1ea1t \u0111\u1ed1i th\u1ee7 v\u1edbi pha d\u1ee9t \u0111i\u1ec3m ch\u00e9o g\u00f3c chu\u1ea9n x\u00e1c.<\/p>\n<p>C\u00f3 \u0111\u01b0\u1ee3c b\u00e0n d\u1eabn tr\u01b0\u1edbc, U23 Iraq chuy\u1ec3n sang ch\u1ebf\u00a0\u0111\u1ed9 ch\u01a1i th\u1ef1c d\u1ee5ng. U23 Indonesia kh\u00f4ng c\u00f2n \u0111\u1ee7 s\u1ee9c \u0111\u1ec3 g\u00e2y \u00e1p l\u1ef1c li\u00ean t\u1ee5c. Ph\u00fat b\u00f9 gi\u1edd cu\u1ed1i c\u00f9ng, h\u1ecd c\u00f3 c\u01a1 h\u1ed9i g\u1ee1 h\u00f2a nh\u01b0ng Sananta l\u1ea1i \u0111\u00e1nh \u0111\u1ea7u qu\u00e1 nh\u1eb9 v\u00e0 h\u1eadu v\u1ec7 Iraq \u0111\u00e3 gi\u1ea3i nguy th\u00e0nh c\u00f4ng. Chung cu\u1ed9c, U23 Iraq gi\u00e0nh chi\u1ebfn th\u1eafng 2-1 tr\u01b0\u1edbc U23 Indonesia sau 120 ph\u00fat qua \u0111\u00f3 gi\u00e0nh gi\u1ea3i ba v\u00e0 c\u00f3 v\u00e9 d\u1ef1 Olympic 2024.<\/p>\n","protected":false},"excerpt":{"rendered":"<p>In the public traffic&amp;transport occasions such as the gorgeous modern metropolis, the large -size supermarket the public construction the airport the exhibition center; the transport transition moving walkway not only solves the transport problems of the huge flow of people. But also instead of long-distance walk and carry the luggage barrow; baby cart; shopping vehicle; handicapped vehicle etc. As they are up and down the elevators at that time, they just feel as comfortable as they are walking on the level ground\uff01lt is greatly convenient for the people to go out and have shopping. Its easy, prompt, and pleasant riding requirements result in the first-choice solution in various big supermarkets, airports, exhibition centers, the transport stations.<br \/>\nWEBSTAR\u201dmoving walkway has a deluxe and imposing outlook. It appears to be aesthetically fashionable. It can harmoniously merge with the indoor decoration and the modern architecture in the large metropolis. It perfectly denotes the advanced technology fine security and reliability, power and energy-saving, cozy and smooth design idea of\u201dWEBSTAR\u201d Elevator.<\/p>\n","protected":false},"featured_media":6300,"comment_status":"open","ping_status":"closed","template":"","meta":{"inline_featured_image":false},"product_cat":[15],"product_tag":[],"yoast_head":"<!-- This site is optimized with the Yoast SEO plugin v22.6 - https:\/\/yoast.com\/wordpress\/plugins\/seo\/ -->\n<title>Cabin ceiling 1 - Tan Long<\/title>\n<meta name=\"robots\" content=\"index, follow, max-snippet:-1, max-image-preview:large, max-video-preview:-1\" \/>\n<link rel=\"canonical\" href=\"https:\/\/tanlong.info\/en\/?product=cabin-ceiling-1\" \/>\n<meta property=\"og:locale\" content=\"vi_VN\" \/>\n<meta property=\"og:type\" content=\"article\" \/>\n<meta property=\"og:title\" content=\"Cabin ceiling 1 - Tan Long\" \/>\n<meta property=\"og:description\" content=\"In the public traffic&amp;transport occasions such as the gorgeous modern metropolis, the large -size supermarket the public construction the airport the exhibition center; the transport transition moving walkway not only solves the transport problems of the huge flow of people. But also instead of long-distance walk and carry the luggage barrow; baby cart; shopping vehicle; handicapped vehicle etc. As they are up and down the elevators at that time, they just feel as comfortable as they are walking on the level ground\uff01lt is greatly convenient for the people to go out and have shopping. Its easy, prompt, and pleasant riding requirements result in the first-choice solution in various big supermarkets, airports, exhibition centers, the transport stations. WEBSTAR\u201dmoving walkway has a deluxe and imposing outlook. It appears to be aesthetically fashionable. It can harmoniously merge with the indoor decoration and the modern architecture in the large metropolis. It perfectly denotes the advanced technology fine security and reliability, power and energy-saving, cozy and smooth design idea of\u201dWEBSTAR\u201d Elevator.\" \/>\n<meta property=\"og:url\" content=\"https:\/\/tanlong.info\/en\/?product=cabin-ceiling-1\" \/>\n<meta property=\"og:site_name\" content=\"Tan Long\" \/>\n<meta property=\"article:modified_time\" content=\"2024-06-14T01:24:34+00:00\" \/>\n<meta property=\"og:image\" content=\"https:\/\/tanlong.info\/en\/wp-content\/uploads\/2024\/04\/Rectangle-5-3.png\" \/>\n\t<meta property=\"og:image:width\" content=\"420\" \/>\n\t<meta property=\"og:image:height\" content=\"387\" \/>\n\t<meta property=\"og:image:type\" content=\"image\/png\" \/>\n<meta name=\"twitter:card\" content=\"summary_large_image\" \/>\n<meta name=\"twitter:label1\" content=\"\u01af\u1edbc t\u00ednh th\u1eddi gian \u0111\u1ecdc\" \/>\n\t<meta name=\"twitter:data1\" content=\"5 ph\u00fat\" \/>\n<script type=\"application\/ld+json\" class=\"yoast-schema-graph\">{\"@context\":\"https:\/\/schema.org\",\"@graph\":[{\"@type\":\"WebPage\",\"@id\":\"https:\/\/tanlong.info\/en\/?product=cabin-ceiling-1\",\"url\":\"https:\/\/tanlong.info\/en\/?product=cabin-ceiling-1\",\"name\":\"Cabin ceiling 1 - Tan Long\",\"isPartOf\":{\"@id\":\"https:\/\/tanlong.info\/en\/#website\"},\"primaryImageOfPage\":{\"@id\":\"https:\/\/tanlong.info\/en\/?product=cabin-ceiling-1#primaryimage\"},\"image\":{\"@id\":\"https:\/\/tanlong.info\/en\/?product=cabin-ceiling-1#primaryimage\"},\"thumbnailUrl\":\"https:\/\/tanlong.info\/en\/wp-content\/uploads\/2024\/04\/Rectangle-5-3.png\",\"datePublished\":\"2024-05-03T01:53:25+00:00\",\"dateModified\":\"2024-06-14T01:24:34+00:00\",\"breadcrumb\":{\"@id\":\"https:\/\/tanlong.info\/en\/?product=cabin-ceiling-1#breadcrumb\"},\"inLanguage\":\"vi\",\"potentialAction\":[{\"@type\":\"ReadAction\",\"target\":[\"https:\/\/tanlong.info\/en\/?product=cabin-ceiling-1\"]}]},{\"@type\":\"ImageObject\",\"inLanguage\":\"vi\",\"@id\":\"https:\/\/tanlong.info\/en\/?product=cabin-ceiling-1#primaryimage\",\"url\":\"https:\/\/tanlong.info\/en\/wp-content\/uploads\/2024\/04\/Rectangle-5-3.png\",\"contentUrl\":\"https:\/\/tanlong.info\/en\/wp-content\/uploads\/2024\/04\/Rectangle-5-3.png\",\"width\":420,\"height\":387},{\"@type\":\"BreadcrumbList\",\"@id\":\"https:\/\/tanlong.info\/en\/?product=cabin-ceiling-1#breadcrumb\",\"itemListElement\":[{\"@type\":\"ListItem\",\"position\":1,\"name\":\"Home\",\"item\":\"https:\/\/tanlong.info\/en\/\"},{\"@type\":\"ListItem\",\"position\":2,\"name\":\"S\u1ea3n ph\u1ea9m\",\"item\":\"https:\/\/tanlong.info\/en\/?post_type=product\"},{\"@type\":\"ListItem\",\"position\":3,\"name\":\"Cabin ceiling 1\"}]},{\"@type\":\"WebSite\",\"@id\":\"https:\/\/tanlong.info\/en\/#website\",\"url\":\"https:\/\/tanlong.info\/en\/\",\"name\":\"Tan Long\",\"description\":\"\",\"potentialAction\":[{\"@type\":\"SearchAction\",\"target\":{\"@type\":\"EntryPoint\",\"urlTemplate\":\"https:\/\/tanlong.info\/en\/?s={search_term_string}\"},\"query-input\":\"required name=search_term_string\"}],\"inLanguage\":\"vi\"}]}<\/script>\n<!-- \/ Yoast SEO plugin. -->","yoast_head_json":{"title":"Cabin ceiling 1 - Tan Long","robots":{"index":"index","follow":"follow","max-snippet":"max-snippet:-1","max-image-preview":"max-image-preview:large","max-video-preview":"max-video-preview:-1"},"canonical":"https:\/\/tanlong.info\/en\/?product=cabin-ceiling-1","og_locale":"vi_VN","og_type":"article","og_title":"Cabin ceiling 1 - Tan Long","og_description":"In the public traffic&amp;transport occasions such as the gorgeous modern metropolis, the large -size supermarket the public construction the airport the exhibition center; the transport transition moving walkway not only solves the transport problems of the huge flow of people. But also instead of long-distance walk and carry the luggage barrow; baby cart; shopping vehicle; handicapped vehicle etc. As they are up and down the elevators at that time, they just feel as comfortable as they are walking on the level ground\uff01lt is greatly convenient for the people to go out and have shopping. Its easy, prompt, and pleasant riding requirements result in the first-choice solution in various big supermarkets, airports, exhibition centers, the transport stations. WEBSTAR\u201dmoving walkway has a deluxe and imposing outlook. It appears to be aesthetically fashionable. It can harmoniously merge with the indoor decoration and the modern architecture in the large metropolis. It perfectly denotes the advanced technology fine security and reliability, power and energy-saving, cozy and smooth design idea of\u201dWEBSTAR\u201d Elevator.","og_url":"https:\/\/tanlong.info\/en\/?product=cabin-ceiling-1","og_site_name":"Tan Long","article_modified_time":"2024-06-14T01:24:34+00:00","og_image":[{"width":420,"height":387,"url":"https:\/\/tanlong.info\/en\/wp-content\/uploads\/2024\/04\/Rectangle-5-3.png","type":"image\/png"}],"twitter_card":"summary_large_image","twitter_misc":{"\u01af\u1edbc t\u00ednh th\u1eddi gian \u0111\u1ecdc":"5 ph\u00fat"},"schema":{"@context":"https:\/\/schema.org","@graph":[{"@type":"WebPage","@id":"https:\/\/tanlong.info\/en\/?product=cabin-ceiling-1","url":"https:\/\/tanlong.info\/en\/?product=cabin-ceiling-1","name":"Cabin ceiling 1 - Tan Long","isPartOf":{"@id":"https:\/\/tanlong.info\/en\/#website"},"primaryImageOfPage":{"@id":"https:\/\/tanlong.info\/en\/?product=cabin-ceiling-1#primaryimage"},"image":{"@id":"https:\/\/tanlong.info\/en\/?product=cabin-ceiling-1#primaryimage"},"thumbnailUrl":"https:\/\/tanlong.info\/en\/wp-content\/uploads\/2024\/04\/Rectangle-5-3.png","datePublished":"2024-05-03T01:53:25+00:00","dateModified":"2024-06-14T01:24:34+00:00","breadcrumb":{"@id":"https:\/\/tanlong.info\/en\/?product=cabin-ceiling-1#breadcrumb"},"inLanguage":"vi","potentialAction":[{"@type":"ReadAction","target":["https:\/\/tanlong.info\/en\/?product=cabin-ceiling-1"]}]},{"@type":"ImageObject","inLanguage":"vi","@id":"https:\/\/tanlong.info\/en\/?product=cabin-ceiling-1#primaryimage","url":"https:\/\/tanlong.info\/en\/wp-content\/uploads\/2024\/04\/Rectangle-5-3.png","contentUrl":"https:\/\/tanlong.info\/en\/wp-content\/uploads\/2024\/04\/Rectangle-5-3.png","width":420,"height":387},{"@type":"BreadcrumbList","@id":"https:\/\/tanlong.info\/en\/?product=cabin-ceiling-1#breadcrumb","itemListElement":[{"@type":"ListItem","position":1,"name":"Home","item":"https:\/\/tanlong.info\/en\/"},{"@type":"ListItem","position":2,"name":"S\u1ea3n ph\u1ea9m","item":"https:\/\/tanlong.info\/en\/?post_type=product"},{"@type":"ListItem","position":3,"name":"Cabin ceiling 1"}]},{"@type":"WebSite","@id":"https:\/\/tanlong.info\/en\/#website","url":"https:\/\/tanlong.info\/en\/","name":"Tan Long","description":"","potentialAction":[{"@type":"SearchAction","target":{"@type":"EntryPoint","urlTemplate":"https:\/\/tanlong.info\/en\/?s={search_term_string}"},"query-input":"required name=search_term_string"}],"inLanguage":"vi"}]}},"_links":{"self":[{"href":"https:\/\/tanlong.info\/en\/index.php?rest_route=\/wp\/v2\/product\/6308"}],"collection":[{"href":"https:\/\/tanlong.info\/en\/index.php?rest_route=\/wp\/v2\/product"}],"about":[{"href":"https:\/\/tanlong.info\/en\/index.php?rest_route=\/wp\/v2\/types\/product"}],"replies":[{"embeddable":true,"href":"https:\/\/tanlong.info\/en\/index.php?rest_route=%2Fwp%2Fv2%2Fcomments&post=6308"}],"wp:featuredmedia":[{"embeddable":true,"href":"https:\/\/tanlong.info\/en\/index.php?rest_route=\/wp\/v2\/media\/6300"}],"wp:attachment":[{"href":"https:\/\/tanlong.info\/en\/index.php?rest_route=%2Fwp%2Fv2%2Fmedia&parent=6308"}],"wp:term":[{"taxonomy":"product_cat","embeddable":true,"href":"https:\/\/tanlong.info\/en\/index.php?rest_route=%2Fwp%2Fv2%2Fproduct_cat&post=6308"},{"taxonomy":"product_tag","embeddable":true,"href":"https:\/\/tanlong.info\/en\/index.php?rest_route=%2Fwp%2Fv2%2Fproduct_tag&post=6308"}],"curies":[{"name":"wp","href":"https:\/\/api.w.org\/{rel}","templated":true}]}}